{"id":235,"date":"2023-06-21T09:15:49","date_gmt":"2023-06-21T12:15:49","guid":{"rendered":"https:\/\/www.arteimobiliaria.com.br\/landing\/?page_id=235"},"modified":"2023-06-21T15:59:31","modified_gmt":"2023-06-21T18:59:31","slug":"casa-exclusiva-no-ilhas-park-em-eldorado-do-sul","status":"publish","type":"page","link":"https:\/\/www.arteimobiliaria.com.br\/landing\/","title":{"rendered":"Casa exclusiva no Ilhas Park em Eldorado do Sul"},"content":{"rendered":"<h1>Casa exclusiva no Ilhas Park, em Eldorado do Sul.<\/h1>\n<p>Terreno de esquina, com total privacidade.<\/p>\n<p>&nbsp;<\/p>\n<p><strong>S\u00e3o 4 dormit\u00f3rios, 4 su\u00edtes e 4 vagas em 385m\u00b2 privativos.<\/strong><\/p>\n<p>&nbsp;<\/p>\n<p>Com 4 su\u00edtes (1 su\u00edte m\u00e1ster com closet, banheira e sacada), 385 m\u00b2, living com p\u00e9 direito duplo, lareira, cozinha gourmet integrada, churrasqueira interna e parrillera externa, deck externo em madeira com piscina e vista para o lago.<\/p>\n<p>&nbsp;<\/p>\n<p>A casa ser\u00e1 entregue com m\u00f3veis sob medida no living, cozinha, dormit\u00f3rios estar \u00edntimo e lavanderia imagens.<\/p>\n<p>&nbsp;<\/p>\n<p>Condom\u00ednio com poucos terrenos e muita privacidade e infraestrutura de clube: marina, p\u00eder, hangar, dois sal\u00f5es de festas com espa\u00e7os gourmets, quadras de esporte, quadra de t\u00eanis, campo de futebol gramado, spa, pista de skate, sala de jogos, mercadinho, piscinas e um bel\u00edssimo paisagismo.<\/p>\n<p>&nbsp;<\/p>\n<p><strong>Agende sua visita!<\/strong><\/p>\n<p><em>[C\u00f3digo AR750]<\/em><\/p>\n","protected":false},"excerpt":{"rendered":"<p>Casa exclusiva no Ilhas Park, em Eldorado do Sul. Terreno de esquina, com total privacidade. &nbsp; S\u00e3o 4 dormit\u00f3rios, 4 su\u00edtes e 4 vagas em 385m\u00b2 privativos. &nbsp; Com 4 su\u00edtes (1 su\u00edte m\u00e1ster com closet, banheira e sacada), 385 m\u00b2, living com p\u00e9 direito duplo, lareira, cozinha gourmet integrada, [&hellip;]<\/p>\n","protected":false},"author":3,"featured_media":0,"parent":0,"menu_order":0,"comment_status":"closed","ping_status":"closed","template":"","meta":{"footnotes":""},"class_list":["post-235","page","type-page","status-publish","hentry"],"yoast_head":"<!-- This site is optimized with the Yoast SEO plugin v20.9 - https:\/\/yoast.com\/wordpress\/plugins\/seo\/ -->\n<title>Casa exclusiva no Ilhas Park em Eldorado do Sul - Arte Imobili\u00e1ria<\/title>\n<meta name=\"robots\" content=\"index, follow, max-snippet:-1, max-image-preview:large, max-video-preview:-1\" \/>\n<link rel=\"canonical\" href=\"https:\/\/www.arteimobiliaria.com.br\/landing\/\" \/>\n<meta property=\"og:locale\" content=\"pt_BR\" \/>\n<meta property=\"og:type\" content=\"article\" \/>\n<meta property=\"og:title\" content=\"Casa exclusiva no Ilhas Park em Eldorado do Sul - Arte Imobili\u00e1ria\" \/>\n<meta property=\"og:description\" content=\"Casa exclusiva no Ilhas Park, em Eldorado do Sul. Terreno de esquina, com total privacidade. &nbsp; S\u00e3o 4 dormit\u00f3rios, 4 su\u00edtes e 4 vagas em 385m\u00b2 privativos. &nbsp; Com 4 su\u00edtes (1 su\u00edte m\u00e1ster com closet, banheira e sacada), 385 m\u00b2, living com p\u00e9 direito duplo, lareira, cozinha gourmet integrada, [&hellip;]\" \/>\n<meta property=\"og:url\" content=\"https:\/\/www.arteimobiliaria.com.br\/landing\/\" \/>\n<meta property=\"og:site_name\" content=\"Arte Imobili\u00e1ria\" \/>\n<meta property=\"article:modified_time\" content=\"2023-06-21T18:59:31+00:00\" \/>\n<meta name=\"twitter:card\" content=\"summary_large_image\" \/>\n<meta name=\"twitter:label1\" content=\"Est. tempo de leitura\" \/>\n\t<meta name=\"twitter:data1\" content=\"1 minuto\" \/>\n<script type=\"application\/ld+json\" class=\"yoast-schema-graph\">{\"@context\":\"https:\/\/schema.org\",\"@graph\":[{\"@type\":\"WebPage\",\"@id\":\"https:\/\/www.arteimobiliaria.com.br\/landing\/\",\"url\":\"https:\/\/www.arteimobiliaria.com.br\/landing\/\",\"name\":\"Casa exclusiva no Ilhas Park em Eldorado do Sul - Arte Imobili\u00e1ria\",\"isPartOf\":{\"@id\":\"https:\/\/www.arteimobiliaria.com.br\/landing\/#website\"},\"datePublished\":\"2023-06-21T12:15:49+00:00\",\"dateModified\":\"2023-06-21T18:59:31+00:00\",\"breadcrumb\":{\"@id\":\"https:\/\/www.arteimobiliaria.com.br\/landing\/#breadcrumb\"},\"inLanguage\":\"pt-BR\",\"potentialAction\":[{\"@type\":\"ReadAction\",\"target\":[\"https:\/\/www.arteimobiliaria.com.br\/landing\/\"]}]},{\"@type\":\"BreadcrumbList\",\"@id\":\"https:\/\/www.arteimobiliaria.com.br\/landing\/#breadcrumb\",\"itemListElement\":[{\"@type\":\"ListItem\",\"position\":1,\"name\":\"Home\",\"item\":\"https:\/\/www.arteimobiliaria.com.br\/landing\/\"},{\"@type\":\"ListItem\",\"position\":2,\"name\":\"Casa exclusiva no Ilhas Park em Eldorado do Sul\"}]},{\"@type\":\"WebSite\",\"@id\":\"https:\/\/www.arteimobiliaria.com.br\/landing\/#website\",\"url\":\"https:\/\/www.arteimobiliaria.com.br\/landing\/\",\"name\":\"Arte Imobili\u00e1ria\",\"description\":\"\",\"publisher\":{\"@id\":\"https:\/\/www.arteimobiliaria.com.br\/landing\/#organization\"},\"potentialAction\":[{\"@type\":\"SearchAction\",\"target\":{\"@type\":\"EntryPoint\",\"urlTemplate\":\"https:\/\/www.arteimobiliaria.com.br\/landing\/?s={search_term_string}\"},\"query-input\":\"required name=search_term_string\"}],\"inLanguage\":\"pt-BR\"},{\"@type\":\"Organization\",\"@id\":\"https:\/\/www.arteimobiliaria.com.br\/landing\/#organization\",\"name\":\"Arte Imobili\u00e1ria\",\"url\":\"https:\/\/www.arteimobiliaria.com.br\/landing\/\",\"logo\":{\"@type\":\"ImageObject\",\"inLanguage\":\"pt-BR\",\"@id\":\"https:\/\/www.arteimobiliaria.com.br\/landing\/#\/schema\/logo\/image\/\",\"url\":\"https:\/\/www.arteimobiliaria.com.br\/landing\/wp-content\/uploads\/2022\/11\/logo.png\",\"contentUrl\":\"https:\/\/www.arteimobiliaria.com.br\/landing\/wp-content\/uploads\/2022\/11\/logo.png\",\"width\":145,\"height\":90,\"caption\":\"Arte Imobili\u00e1ria\"},\"image\":{\"@id\":\"https:\/\/www.arteimobiliaria.com.br\/landing\/#\/schema\/logo\/image\/\"}}]}<\/script>\n<!-- \/ Yoast SEO plugin. -->","yoast_head_json":{"title":"Casa exclusiva no Ilhas Park em Eldorado do Sul - Arte Imobili\u00e1ria","robots":{"index":"index","follow":"follow","max-snippet":"max-snippet:-1","max-image-preview":"max-image-preview:large","max-video-preview":"max-video-preview:-1"},"canonical":"https:\/\/www.arteimobiliaria.com.br\/landing\/","og_locale":"pt_BR","og_type":"article","og_title":"Casa exclusiva no Ilhas Park em Eldorado do Sul - Arte Imobili\u00e1ria","og_description":"Casa exclusiva no Ilhas Park, em Eldorado do Sul. Terreno de esquina, com total privacidade. &nbsp; S\u00e3o 4 dormit\u00f3rios, 4 su\u00edtes e 4 vagas em 385m\u00b2 privativos. &nbsp; Com 4 su\u00edtes (1 su\u00edte m\u00e1ster com closet, banheira e sacada), 385 m\u00b2, living com p\u00e9 direito duplo, lareira, cozinha gourmet integrada, [&hellip;]","og_url":"https:\/\/www.arteimobiliaria.com.br\/landing\/","og_site_name":"Arte Imobili\u00e1ria","article_modified_time":"2023-06-21T18:59:31+00:00","twitter_card":"summary_large_image","twitter_misc":{"Est. tempo de leitura":"1 minuto"},"schema":{"@context":"https:\/\/schema.org","@graph":[{"@type":"WebPage","@id":"https:\/\/www.arteimobiliaria.com.br\/landing\/","url":"https:\/\/www.arteimobiliaria.com.br\/landing\/","name":"Casa exclusiva no Ilhas Park em Eldorado do Sul - Arte Imobili\u00e1ria","isPartOf":{"@id":"https:\/\/www.arteimobiliaria.com.br\/landing\/#website"},"datePublished":"2023-06-21T12:15:49+00:00","dateModified":"2023-06-21T18:59:31+00:00","breadcrumb":{"@id":"https:\/\/www.arteimobiliaria.com.br\/landing\/#breadcrumb"},"inLanguage":"pt-BR","potentialAction":[{"@type":"ReadAction","target":["https:\/\/www.arteimobiliaria.com.br\/landing\/"]}]},{"@type":"BreadcrumbList","@id":"https:\/\/www.arteimobiliaria.com.br\/landing\/#breadcrumb","itemListElement":[{"@type":"ListItem","position":1,"name":"Home","item":"https:\/\/www.arteimobiliaria.com.br\/landing\/"},{"@type":"ListItem","position":2,"name":"Casa exclusiva no Ilhas Park em Eldorado do Sul"}]},{"@type":"WebSite","@id":"https:\/\/www.arteimobiliaria.com.br\/landing\/#website","url":"https:\/\/www.arteimobiliaria.com.br\/landing\/","name":"Arte Imobili\u00e1ria","description":"","publisher":{"@id":"https:\/\/www.arteimobiliaria.com.br\/landing\/#organization"},"potentialAction":[{"@type":"SearchAction","target":{"@type":"EntryPoint","urlTemplate":"https:\/\/www.arteimobiliaria.com.br\/landing\/?s={search_term_string}"},"query-input":"required name=search_term_string"}],"inLanguage":"pt-BR"},{"@type":"Organization","@id":"https:\/\/www.arteimobiliaria.com.br\/landing\/#organization","name":"Arte Imobili\u00e1ria","url":"https:\/\/www.arteimobiliaria.com.br\/landing\/","logo":{"@type":"ImageObject","inLanguage":"pt-BR","@id":"https:\/\/www.arteimobiliaria.com.br\/landing\/#\/schema\/logo\/image\/","url":"https:\/\/www.arteimobiliaria.com.br\/landing\/wp-content\/uploads\/2022\/11\/logo.png","contentUrl":"https:\/\/www.arteimobiliaria.com.br\/landing\/wp-content\/uploads\/2022\/11\/logo.png","width":145,"height":90,"caption":"Arte Imobili\u00e1ria"},"image":{"@id":"https:\/\/www.arteimobiliaria.com.br\/landing\/#\/schema\/logo\/image\/"}}]}},"_links":{"self":[{"href":"https:\/\/www.arteimobiliaria.com.br\/landing\/wp-json\/wp\/v2\/pages\/235","targetHints":{"allow":["GET"]}}],"collection":[{"href":"https:\/\/www.arteimobiliaria.com.br\/landing\/wp-json\/wp\/v2\/pages"}],"about":[{"href":"https:\/\/www.arteimobiliaria.com.br\/landing\/wp-json\/wp\/v2\/types\/page"}],"author":[{"embeddable":true,"href":"https:\/\/www.arteimobiliaria.com.br\/landing\/wp-json\/wp\/v2\/users\/3"}],"replies":[{"embeddable":true,"href":"https:\/\/www.arteimobiliaria.com.br\/landing\/wp-json\/wp\/v2\/comments?post=235"}],"version-history":[{"count":6,"href":"https:\/\/www.arteimobiliaria.com.br\/landing\/wp-json\/wp\/v2\/pages\/235\/revisions"}],"predecessor-version":[{"id":298,"href":"https:\/\/www.arteimobiliaria.com.br\/landing\/wp-json\/wp\/v2\/pages\/235\/revisions\/298"}],"wp:attachment":[{"href":"https:\/\/www.arteimobiliaria.com.br\/landing\/wp-json\/wp\/v2\/media?parent=235"}],"curies":[{"name":"wp","href":"https:\/\/api.w.org\/{rel}","templated":true}]}}